{"id":641,"date":"2024-01-15T17:59:04","date_gmt":"2024-01-15T17:59:04","guid":{"rendered":"https:\/\/www.goinspire.dk\/?page_id=641"},"modified":"2024-01-15T18:09:57","modified_gmt":"2024-01-15T18:09:57","slug":"webinars","status":"publish","type":"page","link":"http:\/\/www.goinspire.dk\/index.php\/webinars\/","title":{"rendered":"Webinars"},"content":{"rendered":"\t\t<div data-elementor-type=\"wp-page\" data-elementor-id=\"641\" class=\"elementor elementor-641\" data-elementor-post-type=\"page\">\n\t\t\t\t<div class=\"elementor-element elementor-element-cad4d7a e-flex e-con-boxed e-con e-parent\" data-id=\"cad4d7a\" data-element_type=\"container\" data-e-type=\"container\">\n\t\t\t\t\t<div class=\"e-con-inner\">\n\t\t\t\t<div class=\"elementor-element elementor-element-733fd33 elementor-widget elementor-widget-heading\" data-id=\"733fd33\" data-element_type=\"widget\" data-e-type=\"widget\" data-widget_type=\"heading.default\">\n\t\t\t\t<div class=\"elementor-widget-container\">\n\t\t\t\t\t<h1 class=\"elementor-heading-title elementor-size-default\">Br\u00e6nd igennem n\u00e5r det g\u00e6lder.<\/h1>\t\t\t\t<\/div>\n\t\t\t\t<\/div>\n\t\t\t\t\t<\/div>\n\t\t\t\t<\/div>\n\t\t<div class=\"elementor-element elementor-element-bc5f8eb e-flex e-con-boxed e-con e-parent\" data-id=\"bc5f8eb\" data-element_type=\"container\" data-e-type=\"container\">\n\t\t\t\t\t<div class=\"e-con-inner\">\n\t\t<div class=\"elementor-element elementor-element-5d9456e e-con-full e-flex e-con e-child\" data-id=\"5d9456e\" data-element_type=\"container\" data-e-type=\"container\" data-settings=\"{&quot;background_background&quot;:&quot;classic&quot;}\">\n\t\t\t\t<div class=\"elementor-element elementor-element-17aeebe elementor-widget__width-inherit elementor-widget elementor-widget-heading\" data-id=\"17aeebe\" data-element_type=\"widget\" data-e-type=\"widget\" data-widget_type=\"heading.default\">\n\t\t\t\t<div class=\"elementor-widget-container\">\n\t\t\t\t\t<p class=\"elementor-heading-title elementor-size-default\">Vi afvikler professionelle online events for dig, der gerne vil sikre din investering i din og dine deltageres tid giver dig det tilbage, du \u00f8nsker. Uanset om eventet er promotion eller inspiration, s\u00e5 g\u00e5r vi til det med de samme kommercielle principper for at sikre, du n\u00e5r flest.<\/p>\t\t\t\t<\/div>\n\t\t\t\t<\/div>\n\t\t\t\t<\/div>\n\t\t\t\t\t<\/div>\n\t\t\t\t<\/div>\n\t\t<div class=\"elementor-element elementor-element-f1ee6e8 e-flex e-con-boxed e-con e-parent\" data-id=\"f1ee6e8\" data-element_type=\"container\" data-e-type=\"container\" data-settings=\"{&quot;background_background&quot;:&quot;classic&quot;}\">\n\t\t\t\t\t<div class=\"e-con-inner\">\n\t\t\t\t<div class=\"elementor-element elementor-element-3aafdcf elementor-widget elementor-widget-video\" data-id=\"3aafdcf\" data-element_type=\"widget\" data-e-type=\"widget\" data-settings=\"{&quot;video_type&quot;:&quot;hosted&quot;,&quot;autoplay&quot;:&quot;yes&quot;,&quot;play_on_mobile&quot;:&quot;yes&quot;,&quot;mute&quot;:&quot;yes&quot;,&quot;loop&quot;:&quot;yes&quot;}\" data-widget_type=\"video.default\">\n\t\t\t\t<div class=\"elementor-widget-container\">\n\t\t\t\t\t\t\t<div class=\"e-hosted-video elementor-wrapper elementor-open-inline\">\n\t\t\t\t\t<video class=\"elementor-video\" src=\"http:\/\/www.goinspire.dk\/wp-content\/uploads\/2024\/01\/Career.mp4\" autoplay=\"\" loop=\"\" muted=\"muted\" playsinline=\"\" controlsList=\"nodownload\"><\/video>\n\t\t\t\t<\/div>\n\t\t\t\t\t\t<\/div>\n\t\t\t\t<\/div>\n\t\t\t\t\t<\/div>\n\t\t\t\t<\/div>\n\t\t\t\t<\/div>\n\t\t","protected":false},"excerpt":{"rendered":"<p>Br\u00e6nd igennem n\u00e5r det g\u00e6lder. Vi afvikler professionelle online events for dig, der gerne vil sikre din investering i din og dine deltageres tid giver dig det tilbage, du \u00f8nsker. Uanset om eventet er promotion eller inspiration, s\u00e5 g\u00e5r vi til det med de samme kommercielle principper for at sikre, du n\u00e5r flest.<\/p>\n","protected":false},"author":1,"featured_media":0,"parent":0,"menu_order":0,"comment_status":"closed","ping_status":"closed","template":"","meta":{"_acf_changed":false,"footnotes":""},"class_list":["post-641","page","type-page","status-publish","hentry"],"acf":[],"_links":{"self":[{"href":"http:\/\/www.goinspire.dk\/index.php\/wp-json\/wp\/v2\/pages\/641","targetHints":{"allow":["GET"]}}],"collection":[{"href":"http:\/\/www.goinspire.dk\/index.php\/wp-json\/wp\/v2\/pages"}],"about":[{"href":"http:\/\/www.goinspire.dk\/index.php\/wp-json\/wp\/v2\/types\/page"}],"author":[{"embeddable":true,"href":"http:\/\/www.goinspire.dk\/index.php\/wp-json\/wp\/v2\/users\/1"}],"replies":[{"embeddable":true,"href":"http:\/\/www.goinspire.dk\/index.php\/wp-json\/wp\/v2\/comments?post=641"}],"version-history":[{"count":10,"href":"http:\/\/www.goinspire.dk\/index.php\/wp-json\/wp\/v2\/pages\/641\/revisions"}],"predecessor-version":[{"id":653,"href":"http:\/\/www.goinspire.dk\/index.php\/wp-json\/wp\/v2\/pages\/641\/revisions\/653"}],"wp:attachment":[{"href":"http:\/\/www.goinspire.dk\/index.php\/wp-json\/wp\/v2\/media?parent=641"}],"curies":[{"name":"wp","href":"https:\/\/api.w.org\/{rel}","templated":true}]}}